{"id":2,"date":"2009-06-18T16:30:31","date_gmt":"2009-06-18T16:30:31","guid":{"rendered":"http:\/\/www.bockenberg-borussen.de\/?page_id=2"},"modified":"2019-03-27T19:39:35","modified_gmt":"2019-03-27T19:39:35","slug":"eine-seite","status":"publish","type":"page","link":"http:\/\/www.bockenberg-borussen.de\/?page_id=2","title":{"rendered":"\u00dcber Uns"},"content":{"rendered":"<p><em>Am 06.06.2009 fanden sich 15\u00a0Borussen in der ehemaligen Gastst\u00e4tte Bockenberg in Bergisch Gladbach ein und der Fanclub Bockenberg Borussen\u00a0wurde gegr\u00fcndet.\u00a0Der Eintrag als offizieller Fanclub von Borussia M\u00f6nchengladbach erfolgte am 17.06.2009.<\/em><\/p>\n<p><em>Nachdem man sich jahrelang vor Spielen immer in der Gastst\u00e4tte Bockenberg getroffen hatte, wurde endlich N\u00e4gel mit K\u00f6pfen gemacht. Wir wollten unsere Sympathie zur\u00a0einzig waren Borussia offiziell zeigen.<\/em><\/p>\n<p><em>\u00a0<\/em><\/p>\n","protected":false},"excerpt":{"rendered":"<p>Am 06.06.2009 fanden sich 15\u00a0Borussen in der ehemaligen Gastst\u00e4tte Bockenberg in Bergisch Gladbach ein und der Fanclub Bockenberg Borussen\u00a0wurde gegr\u00fcndet.\u00a0Der Eintrag als offizieller Fanclub von Borussia M\u00f6nchengladbach erfolgte am 17.06.2009. Nachdem man sich jahrelang vor Spielen immer in der Gastst\u00e4tte Bockenberg getroffen hatte, wurde endlich N\u00e4gel mit K\u00f6pfen gemacht. Wir wollten unsere Sympathie zur\u00a0einzig waren [&hellip;]<\/p>\n","protected":false},"author":2,"featured_media":0,"parent":0,"menu_order":0,"comment_status":"closed","ping_status":"closed","template":"","meta":{"footnotes":""},"class_list":["post-2","page","type-page","status-publish","hentry"],"_links":{"self":[{"href":"http:\/\/www.bockenberg-borussen.de\/index.php?rest_route=\/wp\/v2\/pages\/2","targetHints":{"allow":["GET"]}}],"collection":[{"href":"http:\/\/www.bockenberg-borussen.de\/index.php?rest_route=\/wp\/v2\/pages"}],"about":[{"href":"http:\/\/www.bockenberg-borussen.de\/index.php?rest_route=\/wp\/v2\/types\/page"}],"author":[{"embeddable":true,"href":"http:\/\/www.bockenberg-borussen.de\/index.php?rest_route=\/wp\/v2\/users\/2"}],"replies":[{"embeddable":true,"href":"http:\/\/www.bockenberg-borussen.de\/index.php?rest_route=%2Fwp%2Fv2%2Fcomments&post=2"}],"version-history":[{"count":42,"href":"http:\/\/www.bockenberg-borussen.de\/index.php?rest_route=\/wp\/v2\/pages\/2\/revisions"}],"predecessor-version":[{"id":2143,"href":"http:\/\/www.bockenberg-borussen.de\/index.php?rest_route=\/wp\/v2\/pages\/2\/revisions\/2143"}],"wp:attachment":[{"href":"http:\/\/www.bockenberg-borussen.de\/index.php?rest_route=%2Fwp%2Fv2%2Fmedia&parent=2"}],"curies":[{"name":"wp","href":"https:\/\/api.w.org\/{rel}","templated":true}]}}